{"id":258,"date":"2026-03-04T15:05:29","date_gmt":"2026-03-04T15:05:29","guid":{"rendered":"https:\/\/carolpsicologia.es\/?page_id=258"},"modified":"2026-03-31T11:31:20","modified_gmt":"2026-03-31T11:31:20","slug":"intervencion-en-duelo","status":"publish","type":"page","link":"https:\/\/carolpsicologia.es\/index.php\/intervencion-en-duelo\/","title":{"rendered":"INTERVENCI\u00d3N EN DUELO"},"content":{"rendered":"\t\t<div data-elementor-type=\"wp-page\" data-elementor-id=\"258\" class=\"elementor elementor-258\">\n\t\t\t\t<div class=\"elementor-element elementor-element-ff76b5e e-flex e-con-boxed e-con e-parent\" data-id=\"ff76b5e\" data-element_type=\"container\" data-e-type=\"container\">\n\t\t\t\t\t<div class=\"e-con-inner\">\n\t\t\t\t<div class=\"elementor-element elementor-element-8941e13 elementor-widget elementor-widget-html\" data-id=\"8941e13\" data-element_type=\"widget\" data-e-type=\"widget\" data-widget_type=\"html.default\">\n\t\t\t\t\t<link rel=\"preconnect\" href=\"https:\/\/fonts.googleapis.com\">\r\n<link href=\"https:\/\/fonts.googleapis.com\/css2?family=Playfair+Display:wght@500;600&family=Inter:wght@300;400;500;600&display=swap\" rel=\"stylesheet\">\r\n\r\n<style>\r\n:root{\r\n  --bg:#ffffff;\r\n  --soft:#f5f3ef;\r\n  --text:#1c1c1c;\r\n  --muted:#6d6d6d;\r\n  --accent:#7c8f85;\r\n  --accent-dark:#6e8076;\r\n  --border:#e8e5df;\r\n  --radius:18px;\r\n  --max:1180px;\r\n}\r\n\r\n.cg-grief{\r\n  font-family:'Inter',sans-serif;\r\n  color:var(--text);\r\n  background:var(--bg);\r\n}\r\n\r\n.cg-grief *{\r\n  box-sizing:border-box;\r\n}\r\n\r\n.cg-grief-wrap{\r\n  max-width:var(--max);\r\n  margin:auto;\r\n  padding:90px 20px;\r\n}\r\n\r\n@media(max-width:768px){\r\n  .cg-grief-wrap{\r\n    padding:55px 18px;\r\n  }\r\n}\r\n\r\n.cg-grief-hero{\r\n  display:grid;\r\n  grid-template-columns:1.05fr .95fr;\r\n  gap:44px;\r\n  align-items:center;\r\n}\r\n\r\n@media(max-width:980px){\r\n  .cg-grief-hero{\r\n    grid-template-columns:1fr;\r\n    gap:28px;\r\n  }\r\n}\r\n\r\n.cg-grief-kicker{\r\n  display:inline-block;\r\n  font-size:13px;\r\n  letter-spacing:.12em;\r\n  text-transform:uppercase;\r\n  color:var(--accent);\r\n  margin-bottom:16px;\r\n  font-weight:600;\r\n}\r\n\r\n.cg-grief-title{\r\n  font-family:'Playfair Display',serif;\r\n  font-size:48px;\r\n  line-height:1.14;\r\n  margin:0 0 20px;\r\n}\r\n\r\n@media(max-width:768px){\r\n  .cg-grief-title{\r\n    font-size:34px;\r\n    line-height:1.2;\r\n    margin-bottom:16px;\r\n  }\r\n}\r\n\r\n.cg-grief-text{\r\n  font-size:18px;\r\n  line-height:1.8;\r\n  color:var(--muted);\r\n  margin-bottom:18px;\r\n}\r\n\r\n@media(max-width:768px){\r\n  .cg-grief-text{\r\n    font-size:16px;\r\n    line-height:1.75;\r\n    margin-bottom:15px;\r\n  }\r\n}\r\n\r\n.cg-grief-actions{\r\n  display:flex;\r\n  gap:14px;\r\n  flex-wrap:wrap;\r\n  margin-top:26px;\r\n}\r\n\r\n@media(max-width:768px){\r\n  .cg-grief-actions{\r\n    flex-direction:column;\r\n    align-items:stretch;\r\n  }\r\n}\r\n\r\n.cg-btn,\r\n.cg-btn-outline{\r\n  display:inline-block;\r\n  padding:13px 24px;\r\n  border-radius:30px;\r\n  text-decoration:none;\r\n  font-weight:500;\r\n  text-align:center;\r\n  transition:.3s ease;\r\n}\r\n\r\n.cg-btn{\r\n  background:var(--accent);\r\n  color:#fff;\r\n}\r\n\r\n.cg-btn:hover{\r\n  background:var(--accent-dark);\r\n}\r\n\r\n.cg-btn-outline{\r\n  background:transparent;\r\n  border:1px solid var(--border);\r\n  color:var(--text);\r\n}\r\n\r\n.cg-btn-outline:hover{\r\n  background:var(--soft);\r\n}\r\n\r\n.cg-grief-image{\r\n  width:100%;\r\n  height:620px;\r\n  object-fit:cover;\r\n  display:block;\r\n  border-radius:28px;\r\n}\r\n\r\n@media(max-width:980px){\r\n  .cg-grief-image{\r\n    height:420px;\r\n  }\r\n}\r\n\r\n@media(max-width:768px){\r\n  .cg-grief-image{\r\n    height:300px;\r\n    border-radius:20px;\r\n  }\r\n}\r\n\r\n.cg-grief-section{\r\n  margin-top:90px;\r\n}\r\n\r\n@media(max-width:768px){\r\n  .cg-grief-section{\r\n    margin-top:65px;\r\n  }\r\n}\r\n\r\n.cg-grief-section-title{\r\n  font-family:'Playfair Display',serif;\r\n  font-size:38px;\r\n  text-align:center;\r\n  margin:0 0 15px;\r\n}\r\n\r\n@media(max-width:768px){\r\n  .cg-grief-section-title{\r\n    font-size:30px;\r\n    line-height:1.2;\r\n  }\r\n}\r\n\r\n.cg-grief-section-sub{\r\n  text-align:center;\r\n  color:var(--muted);\r\n  max-width:760px;\r\n  margin:0 auto 55px;\r\n  line-height:1.8;\r\n  font-size:17px;\r\n}\r\n\r\n@media(max-width:768px){\r\n  .cg-grief-section-sub{\r\n    font-size:16px;\r\n    line-height:1.75;\r\n    margin-bottom:32px;\r\n  }\r\n}\r\n\r\n.cg-grief-grid{\r\n  display:grid;\r\n  grid-template-columns:repeat(3,1fr);\r\n  gap:24px;\r\n}\r\n\r\n@media(max-width:980px){\r\n  .cg-grief-grid{\r\n    grid-template-columns:1fr;\r\n  }\r\n}\r\n\r\n.cg-grief-card{\r\n  background:#fff;\r\n  border:1px solid var(--border);\r\n  border-radius:var(--radius);\r\n  padding:30px;\r\n  transition:.3s ease;\r\n}\r\n\r\n.cg-grief-card:hover{\r\n  box-shadow:0 15px 35px rgba(0,0,0,.06);\r\n}\r\n\r\n@media(max-width:768px){\r\n  .cg-grief-card{\r\n    padding:24px;\r\n  }\r\n}\r\n\r\n.cg-grief-card h3{\r\n  font-family:'Playfair Display',serif;\r\n  font-size:24px;\r\n  margin:0 0 14px;\r\n}\r\n\r\n.cg-grief-card p{\r\n  color:var(--muted);\r\n  line-height:1.75;\r\n  margin:0;\r\n}\r\n\r\n.cg-grief-split{\r\n  display:grid;\r\n  grid-template-columns:.95fr 1.05fr;\r\n  gap:42px;\r\n  align-items:center;\r\n  margin-top:90px;\r\n}\r\n\r\n@media(max-width:980px){\r\n  .cg-grief-split{\r\n    grid-template-columns:1fr;\r\n    gap:28px;\r\n    margin-top:65px;\r\n  }\r\n}\r\n\r\n.cg-grief-split-image{\r\n  width:100%;\r\n  height:520px;\r\n  object-fit:cover;\r\n  border-radius:24px;\r\n  display:block;\r\n}\r\n\r\n@media(max-width:768px){\r\n  .cg-grief-split-image{\r\n    height:280px;\r\n    border-radius:18px;\r\n  }\r\n}\r\n\r\n.cg-grief-box{\r\n  background:var(--soft);\r\n  border-radius:24px;\r\n  padding:36px;\r\n  border:1px solid var(--border);\r\n}\r\n\r\n@media(max-width:768px){\r\n  .cg-grief-box{\r\n    padding:24px;\r\n    border-radius:18px;\r\n  }\r\n}\r\n\r\n.cg-grief-box h3{\r\n  font-family:'Playfair Display',serif;\r\n  font-size:30px;\r\n  margin:0 0 18px;\r\n}\r\n\r\n@media(max-width:768px){\r\n  .cg-grief-box h3{\r\n    font-size:25px;\r\n  }\r\n}\r\n\r\n.cg-grief-box p{\r\n  color:var(--muted);\r\n  line-height:1.8;\r\n  margin:0 0 16px;\r\n}\r\n\r\n.cg-grief-points{\r\n  list-style:none !important;\r\n  margin:22px 0 0;\r\n  padding:0;\r\n}\r\n\r\n.cg-grief-points li{\r\n  list-style:none !important;\r\n  position:relative;\r\n  padding-left:26px;\r\n  margin-bottom:14px;\r\n  line-height:1.7;\r\n  color:var(--text);\r\n}\r\n\r\n.cg-grief-points li::marker{\r\n  content:\"\";\r\n  display:none;\r\n}\r\n\r\n.cg-grief-points li:before{\r\n  content:\"\";\r\n  width:10px;\r\n  height:10px;\r\n  border-radius:50%;\r\n  background:var(--accent);\r\n  position:absolute;\r\n  left:0;\r\n  top:8px;\r\n}\r\n\r\n.cg-grief-soft{\r\n  background:var(--soft);\r\n  padding:85px 20px;\r\n  margin-top:90px;\r\n}\r\n\r\n@media(max-width:768px){\r\n  .cg-grief-soft{\r\n    padding:60px 18px;\r\n    margin-top:65px;\r\n  }\r\n}\r\n\r\n.cg-grief-soft-inner{\r\n  max-width:980px;\r\n  margin:auto;\r\n}\r\n\r\n.cg-grief-steps{\r\n  display:grid;\r\n  grid-template-columns:repeat(3,1fr);\r\n  gap:24px;\r\n  margin-top:42px;\r\n}\r\n\r\n@media(max-width:980px){\r\n  .cg-grief-steps{\r\n    grid-template-columns:1fr;\r\n  }\r\n}\r\n\r\n.cg-grief-step{\r\n  background:#fff;\r\n  border:1px solid var(--border);\r\n  border-radius:var(--radius);\r\n  padding:28px;\r\n}\r\n\r\n@media(max-width:768px){\r\n  .cg-grief-step{\r\n    padding:24px;\r\n  }\r\n}\r\n\r\n.cg-grief-step-number{\r\n  width:42px;\r\n  height:42px;\r\n  border-radius:50%;\r\n  background:var(--accent);\r\n  color:#fff;\r\n  display:flex;\r\n  align-items:center;\r\n  justify-content:center;\r\n  font-weight:600;\r\n  margin-bottom:18px;\r\n}\r\n\r\n.cg-grief-step h4{\r\n  font-family:'Playfair Display',serif;\r\n  font-size:22px;\r\n  margin:0 0 12px;\r\n}\r\n\r\n.cg-grief-step p{\r\n  margin:0;\r\n  line-height:1.75;\r\n  color:var(--muted);\r\n}\r\n\r\n.cg-grief-cta{\r\n  background:var(--accent);\r\n  color:#fff;\r\n  text-align:center;\r\n  padding:95px 20px;\r\n  margin-top:90px;\r\n}\r\n\r\n@media(max-width:768px){\r\n  .cg-grief-cta{\r\n    padding:65px 18px;\r\n    margin-top:65px;\r\n  }\r\n}\r\n\r\n.cg-grief-cta h2{\r\n  font-family:'Playfair Display',serif;\r\n  font-size:40px;\r\n  margin:0 0 20px;\r\n  color:#fff !important;\r\n}\r\n\r\n@media(max-width:768px){\r\n  .cg-grief-cta h2{\r\n    font-size:30px;\r\n    line-height:1.2;\r\n  }\r\n}\r\n\r\n.cg-grief-cta p{\r\n  max-width:760px;\r\n  margin:0 auto 30px;\r\n  line-height:1.8;\r\n  color:#f2f2f2;\r\n  font-size:17px;\r\n}\r\n\r\n@media(max-width:768px){\r\n  .cg-grief-cta p{\r\n    font-size:16px;\r\n    line-height:1.75;\r\n  }\r\n}\r\n\r\n.cg-grief-cta .cg-btn{\r\n  background:#fff;\r\n  color:#1c1c1c;\r\n}\r\n\r\n.cg-grief-cta .cg-btn:hover{\r\n  background:#f1f1f1;\r\n}\r\n<\/style>\r\n\r\n<div class=\"cg-grief\">\r\n\r\n  <div class=\"cg-grief-wrap\">\r\n\r\n    <div class=\"cg-grief-hero\">\r\n      <div>\r\n        <span class=\"cg-grief-kicker\">Acompa\u00f1amiento psicol\u00f3gico<\/span>\r\n        <h1 class=\"cg-grief-title\">Intervenci\u00f3n en duelo<\/h1>\r\n\r\n        <p class=\"cg-grief-text\">\r\n          El duelo es una respuesta natural ante una p\u00e9rdida significativa, pero no siempre resulta f\u00e1cil transitarlo en soledad. A veces aparecen emociones intensas, bloqueo, sensaci\u00f3n de vac\u00edo o dificultades para adaptarse a una nueva etapa vital.\r\n        <\/p>\r\n\r\n        <p class=\"cg-grief-text\">\r\n          En terapia ofrecemos un espacio seguro, respetuoso y sin juicios para acompa\u00f1arte en este proceso, ayud\u00e1ndote a comprender lo que est\u00e1s sintiendo y a integrar la p\u00e9rdida desde tus propios tiempos y necesidades.\r\n        <\/p>\r\n\r\n        <div class=\"cg-grief-actions\">\r\n          <a href=\"\/index.php\/contacto\/\" class=\"cg-btn\">Solicitar cita<\/a>\r\n          <a href=\"#como-trabajamos-duelo\" class=\"cg-btn-outline\">C\u00f3mo trabajamos<\/a>\r\n        <\/div>\r\n      <\/div>\r\n\r\n      <div>\r\n        <img decoding=\"async\" class=\"cg-grief-image\" src=\"https:\/\/carolpsicologia.es\/wp-content\/uploads\/2026\/03\/deflyne-black-4812753_1920.jpg\" alt=\"Acompa\u00f1amiento psicol\u00f3gico en duelo\">\r\n      <\/div>\r\n    <\/div>\r\n\r\n    <div class=\"cg-grief-section\">\r\n      <h2 class=\"cg-grief-section-title\">Un proceso que necesita espacio y acompa\u00f1amiento<\/h2>\r\n      <p class=\"cg-grief-section-sub\">\r\n        Cada duelo es \u00fanico. No hay una forma correcta de vivirlo ni un tiempo exacto para superarlo. El acompa\u00f1amiento psicol\u00f3gico permite dar sentido a lo que ocurre, sostener el malestar y avanzar de forma m\u00e1s amable y consciente.\r\n      <\/p>\r\n\r\n      <div class=\"cg-grief-grid\">\r\n        <div class=\"cg-grief-card\">\r\n          <h3>Dar lugar a lo que sientes<\/h3>\r\n          <p>\r\n            Ofrecemos un espacio donde poder expresar tristeza, rabia, culpa, confusi\u00f3n o cualquier emoci\u00f3n que aparezca durante el proceso.\r\n          <\/p>\r\n        <\/div>\r\n\r\n        <div class=\"cg-grief-card\">\r\n          <h3>Comprender el proceso<\/h3>\r\n          <p>\r\n            Te ayudamos a entender las reacciones emocionales y f\u00edsicas que pueden aparecer tras una p\u00e9rdida, normalizando lo que est\u00e1s viviendo.\r\n          <\/p>\r\n        <\/div>\r\n\r\n        <div class=\"cg-grief-card\">\r\n          <h3>Recuperar equilibrio<\/h3>\r\n          <p>\r\n            Trabajamos para que puedas integrar la p\u00e9rdida en tu historia vital y recuperar poco a poco tu estabilidad emocional.\r\n          <\/p>\r\n        <\/div>\r\n      <\/div>\r\n    <\/div>\r\n\r\n    <div class=\"cg-grief-split\">\r\n      <img decoding=\"async\" class=\"cg-grief-split-image\" src=\"https:\/\/images.unsplash.com\/photo-1493836512294-502baa1986e2?auto=format&fit=crop&w=1200&q=80\" alt=\"Espacio terap\u00e9utico para el proceso de duelo\">\r\n\r\n      <div class=\"cg-grief-box\">\r\n        <h3>Situaciones en las que puede ayudar<\/h3>\r\n        <p>\r\n          La intervenci\u00f3n en duelo puede ser de ayuda cuando la p\u00e9rdida est\u00e1 generando un sufrimiento que desborda, bloquea o dificulta el d\u00eda a d\u00eda.\r\n        <\/p>\r\n\r\n        <ul class=\"cg-grief-points\">\r\n          <li>Fallecimiento de un ser querido<\/li>\r\n          <li>Separaciones o rupturas afectivas<\/li>\r\n          <li>P\u00e9rdidas vinculadas a la salud, la maternidad o cambios vitales importantes<\/li>\r\n          <li>Dificultad para aceptar la ausencia o adaptarse a la nueva realidad<\/li>\r\n          <li>Sensaci\u00f3n de bloqueo emocional, culpa o desesperanza prolongada<\/li>\r\n        <\/ul>\r\n      <\/div>\r\n    <\/div>\r\n\r\n  <\/div>\r\n\r\n  <div class=\"cg-grief-soft\" id=\"como-trabajamos-duelo\">\r\n    <div class=\"cg-grief-soft-inner\">\r\n      <h2 class=\"cg-grief-section-title\">\u00bfC\u00f3mo trabajamos en sesi\u00f3n?<\/h2>\r\n      <p class=\"cg-grief-section-sub\">\r\n        El acompa\u00f1amiento en duelo parte de la escucha y del respeto al ritmo de cada persona. El objetivo no es olvidar lo vivido, sino poder integrarlo de una forma menos dolorosa y m\u00e1s sostenible emocionalmente.\r\n      <\/p>\r\n\r\n      <div class=\"cg-grief-steps\">\r\n        <div class=\"cg-grief-step\">\r\n          <div class=\"cg-grief-step-number\">1<\/div>\r\n          <h4>Escuchar y sostener<\/h4>\r\n          <p>\r\n            Creamos un espacio donde puedas expresar lo que est\u00e1s viviendo con libertad, sin presi\u00f3n y desde la seguridad emocional.\r\n          <\/p>\r\n        <\/div>\r\n\r\n        <div class=\"cg-grief-step\">\r\n          <div class=\"cg-grief-step-number\">2<\/div>\r\n          <h4>Comprender e integrar<\/h4>\r\n          <p>\r\n            Trabajamos sobre las emociones, pensamientos y reacciones que aparecen en el proceso para darles sentido e integrarlas poco a poco.\r\n          <\/p>\r\n        <\/div>\r\n\r\n        <div class=\"cg-grief-step\">\r\n          <div class=\"cg-grief-step-number\">3<\/div>\r\n          <h4>Avanzar con recursos<\/h4>\r\n          <p>\r\n            Incorporamos herramientas que ayuden a transitar el duelo con mayor calma, autocuidado y capacidad de adaptaci\u00f3n a la nueva etapa.\r\n          <\/p>\r\n        <\/div>\r\n      <\/div>\r\n    <\/div>\r\n  <\/div>\r\n\r\n  <div class=\"cg-grief-cta\">\r\n    <h2>Acompa\u00f1arte en el duelo tambi\u00e9n es cuidar de tu proceso<\/h2>\r\n    <p>\r\n      Si est\u00e1s atravesando una p\u00e9rdida y sientes que necesitas apoyo profesional, podemos ofrecerte un espacio donde sentirte escuchado\/a, comprendido\/a y acompa\u00f1ado\/a en este momento.\r\n    <\/p>\r\n    <a href=\"\/index.php\/contacto\/\" class=\"cg-btn\">Pedir informaci\u00f3n<\/a>\r\n  <\/div>\r\n\r\n<\/div>\t\t\t\t<\/div>\n\t\t\t\t\t<\/div>\n\t\t\t\t<\/div>\n\t\t\t\t<\/div>\n\t\t","protected":false},"excerpt":{"rendered":"<p>Acompa\u00f1amiento psicol\u00f3gico Intervenci\u00f3n en duelo El duelo es una respuesta natural ante una p\u00e9rdida significativa, pero no siempre resulta f\u00e1cil transitarlo en soledad. A veces aparecen emociones intensas, bloqueo, sensaci\u00f3n de vac\u00edo o dificultades para adaptarse a una nueva etapa vital. En terapia ofrecemos un espacio seguro, respetuoso y sin juicios para acompa\u00f1arte en este &hellip; <\/p>\n<p class=\"link-more\"><a href=\"https:\/\/carolpsicologia.es\/index.php\/intervencion-en-duelo\/\" class=\"more-link\">Leer m\u00e1s<span class=\"screen-reader-text\"> \u00abINTERVENCI\u00d3N EN DUELO\u00bb<\/span><\/a><\/p>\n","protected":false},"author":1,"featured_media":0,"parent":0,"menu_order":0,"comment_status":"closed","ping_status":"closed","template":"","meta":{"inspiro_hide_title":false,"footnotes":""},"class_list":["post-258","page","type-page","status-publish","hentry"],"yoast_head":"<!-- This site is optimized with the Yoast SEO plugin v27.4 - https:\/\/yoast.com\/product\/yoast-seo-wordpress\/ -->\n<title>INTERVENCI\u00d3N EN DUELO - Gabinete psicologia Carolina<\/title>\n<meta name=\"description\" content=\"Acompa\u00f1amiento psicol\u00f3gico en duelo: descubre c\u00f3mo afrontar la p\u00e9rdida con estrategias efectivas y apoyo profesional. Mejora tu bienestar emocional hoy.\" \/>\n<meta name=\"robots\" content=\"index, follow, max-snippet:-1, max-image-preview:large, max-video-preview:-1\" \/>\n<link rel=\"canonical\" href=\"https:\/\/carolpsicologia.es\/index.php\/intervencion-en-duelo\/\" \/>\n<meta property=\"og:locale\" content=\"es_ES\" \/>\n<meta property=\"og:type\" content=\"article\" \/>\n<meta property=\"og:title\" content=\"INTERVENCI\u00d3N EN DUELO - Gabinete psicologia Carolina\" \/>\n<meta property=\"og:description\" content=\"Acompa\u00f1amiento psicol\u00f3gico en duelo: descubre c\u00f3mo afrontar la p\u00e9rdida con estrategias efectivas y apoyo profesional. Mejora tu bienestar emocional hoy.\" \/>\n<meta property=\"og:url\" content=\"https:\/\/carolpsicologia.es\/index.php\/intervencion-en-duelo\/\" \/>\n<meta property=\"og:site_name\" content=\"Gabinete psicologia Carolina\" \/>\n<meta property=\"article:modified_time\" content=\"2026-03-31T11:31:20+00:00\" \/>\n<meta property=\"og:image\" content=\"https:\/\/carolpsicologia.es\/wp-content\/uploads\/2026\/03\/deflyne-black-4812753_1920.jpg\" \/>\n<meta name=\"twitter:card\" content=\"summary_large_image\" \/>\n<script type=\"application\/ld+json\" class=\"yoast-schema-graph\">{\"@context\":\"https:\\\/\\\/schema.org\",\"@graph\":[{\"@type\":\"WebPage\",\"@id\":\"https:\\\/\\\/carolpsicologia.es\\\/index.php\\\/intervencion-en-duelo\\\/\",\"url\":\"https:\\\/\\\/carolpsicologia.es\\\/index.php\\\/intervencion-en-duelo\\\/\",\"name\":\"INTERVENCI\u00d3N EN DUELO - Gabinete psicologia Carolina\",\"isPartOf\":{\"@id\":\"https:\\\/\\\/carolpsicologia.es\\\/#website\"},\"primaryImageOfPage\":{\"@id\":\"https:\\\/\\\/carolpsicologia.es\\\/index.php\\\/intervencion-en-duelo\\\/#primaryimage\"},\"image\":{\"@id\":\"https:\\\/\\\/carolpsicologia.es\\\/index.php\\\/intervencion-en-duelo\\\/#primaryimage\"},\"thumbnailUrl\":\"https:\\\/\\\/carolpsicologia.es\\\/wp-content\\\/uploads\\\/2026\\\/03\\\/deflyne-black-4812753_1920.jpg\",\"datePublished\":\"2026-03-04T15:05:29+00:00\",\"dateModified\":\"2026-03-31T11:31:20+00:00\",\"description\":\"Acompa\u00f1amiento psicol\u00f3gico en duelo: descubre c\u00f3mo afrontar la p\u00e9rdida con estrategias efectivas y apoyo profesional. Mejora tu bienestar emocional hoy.\",\"breadcrumb\":{\"@id\":\"https:\\\/\\\/carolpsicologia.es\\\/index.php\\\/intervencion-en-duelo\\\/#breadcrumb\"},\"inLanguage\":\"es\",\"potentialAction\":[{\"@type\":\"ReadAction\",\"target\":[\"https:\\\/\\\/carolpsicologia.es\\\/index.php\\\/intervencion-en-duelo\\\/\"]}]},{\"@type\":\"ImageObject\",\"inLanguage\":\"es\",\"@id\":\"https:\\\/\\\/carolpsicologia.es\\\/index.php\\\/intervencion-en-duelo\\\/#primaryimage\",\"url\":\"https:\\\/\\\/carolpsicologia.es\\\/wp-content\\\/uploads\\\/2026\\\/03\\\/deflyne-black-4812753_1920.jpg\",\"contentUrl\":\"https:\\\/\\\/carolpsicologia.es\\\/wp-content\\\/uploads\\\/2026\\\/03\\\/deflyne-black-4812753_1920.jpg\",\"width\":1280,\"height\":1920},{\"@type\":\"BreadcrumbList\",\"@id\":\"https:\\\/\\\/carolpsicologia.es\\\/index.php\\\/intervencion-en-duelo\\\/#breadcrumb\",\"itemListElement\":[{\"@type\":\"ListItem\",\"position\":1,\"name\":\"Portada\",\"item\":\"https:\\\/\\\/carolpsicologia.es\\\/\"},{\"@type\":\"ListItem\",\"position\":2,\"name\":\"INTERVENCI\u00d3N EN DUELO\"}]},{\"@type\":\"WebSite\",\"@id\":\"https:\\\/\\\/carolpsicologia.es\\\/#website\",\"url\":\"https:\\\/\\\/carolpsicologia.es\\\/\",\"name\":\"Gabinete psicologia Carolina\",\"description\":\"Psic\u00f3loga en Meliana y La Canyada. Terapia cercana, profesional y personalizada.\",\"publisher\":{\"@id\":\"https:\\\/\\\/carolpsicologia.es\\\/#organization\"},\"potentialAction\":[{\"@type\":\"SearchAction\",\"target\":{\"@type\":\"EntryPoint\",\"urlTemplate\":\"https:\\\/\\\/carolpsicologia.es\\\/?s={search_term_string}\"},\"query-input\":{\"@type\":\"PropertyValueSpecification\",\"valueRequired\":true,\"valueName\":\"search_term_string\"}}],\"inLanguage\":\"es\"},{\"@type\":\"Organization\",\"@id\":\"https:\\\/\\\/carolpsicologia.es\\\/#organization\",\"name\":\"Gabinete psicologia Carolina\",\"url\":\"https:\\\/\\\/carolpsicologia.es\\\/\",\"logo\":{\"@type\":\"ImageObject\",\"inLanguage\":\"es\",\"@id\":\"https:\\\/\\\/carolpsicologia.es\\\/#\\\/schema\\\/logo\\\/image\\\/\",\"url\":\"https:\\\/\\\/carolpsicologia.es\\\/wp-content\\\/uploads\\\/2026\\\/03\\\/91c6dc08-f4e6-4f3b-bbaf-8276faa92a80-removebg-preview.png\",\"contentUrl\":\"https:\\\/\\\/carolpsicologia.es\\\/wp-content\\\/uploads\\\/2026\\\/03\\\/91c6dc08-f4e6-4f3b-bbaf-8276faa92a80-removebg-preview.png\",\"width\":628,\"height\":398,\"caption\":\"Gabinete psicologia Carolina\"},\"image\":{\"@id\":\"https:\\\/\\\/carolpsicologia.es\\\/#\\\/schema\\\/logo\\\/image\\\/\"}}]}<\/script>\n<!-- \/ Yoast SEO plugin. -->","yoast_head_json":{"title":"INTERVENCI\u00d3N EN DUELO - Gabinete psicologia Carolina","description":"Acompa\u00f1amiento psicol\u00f3gico en duelo: descubre c\u00f3mo afrontar la p\u00e9rdida con estrategias efectivas y apoyo profesional. Mejora tu bienestar emocional hoy.","robots":{"index":"index","follow":"follow","max-snippet":"max-snippet:-1","max-image-preview":"max-image-preview:large","max-video-preview":"max-video-preview:-1"},"canonical":"https:\/\/carolpsicologia.es\/index.php\/intervencion-en-duelo\/","og_locale":"es_ES","og_type":"article","og_title":"INTERVENCI\u00d3N EN DUELO - Gabinete psicologia Carolina","og_description":"Acompa\u00f1amiento psicol\u00f3gico en duelo: descubre c\u00f3mo afrontar la p\u00e9rdida con estrategias efectivas y apoyo profesional. Mejora tu bienestar emocional hoy.","og_url":"https:\/\/carolpsicologia.es\/index.php\/intervencion-en-duelo\/","og_site_name":"Gabinete psicologia Carolina","article_modified_time":"2026-03-31T11:31:20+00:00","og_image":[{"url":"https:\/\/carolpsicologia.es\/wp-content\/uploads\/2026\/03\/deflyne-black-4812753_1920.jpg","type":"","width":"","height":""}],"twitter_card":"summary_large_image","schema":{"@context":"https:\/\/schema.org","@graph":[{"@type":"WebPage","@id":"https:\/\/carolpsicologia.es\/index.php\/intervencion-en-duelo\/","url":"https:\/\/carolpsicologia.es\/index.php\/intervencion-en-duelo\/","name":"INTERVENCI\u00d3N EN DUELO - Gabinete psicologia Carolina","isPartOf":{"@id":"https:\/\/carolpsicologia.es\/#website"},"primaryImageOfPage":{"@id":"https:\/\/carolpsicologia.es\/index.php\/intervencion-en-duelo\/#primaryimage"},"image":{"@id":"https:\/\/carolpsicologia.es\/index.php\/intervencion-en-duelo\/#primaryimage"},"thumbnailUrl":"https:\/\/carolpsicologia.es\/wp-content\/uploads\/2026\/03\/deflyne-black-4812753_1920.jpg","datePublished":"2026-03-04T15:05:29+00:00","dateModified":"2026-03-31T11:31:20+00:00","description":"Acompa\u00f1amiento psicol\u00f3gico en duelo: descubre c\u00f3mo afrontar la p\u00e9rdida con estrategias efectivas y apoyo profesional. Mejora tu bienestar emocional hoy.","breadcrumb":{"@id":"https:\/\/carolpsicologia.es\/index.php\/intervencion-en-duelo\/#breadcrumb"},"inLanguage":"es","potentialAction":[{"@type":"ReadAction","target":["https:\/\/carolpsicologia.es\/index.php\/intervencion-en-duelo\/"]}]},{"@type":"ImageObject","inLanguage":"es","@id":"https:\/\/carolpsicologia.es\/index.php\/intervencion-en-duelo\/#primaryimage","url":"https:\/\/carolpsicologia.es\/wp-content\/uploads\/2026\/03\/deflyne-black-4812753_1920.jpg","contentUrl":"https:\/\/carolpsicologia.es\/wp-content\/uploads\/2026\/03\/deflyne-black-4812753_1920.jpg","width":1280,"height":1920},{"@type":"BreadcrumbList","@id":"https:\/\/carolpsicologia.es\/index.php\/intervencion-en-duelo\/#breadcrumb","itemListElement":[{"@type":"ListItem","position":1,"name":"Portada","item":"https:\/\/carolpsicologia.es\/"},{"@type":"ListItem","position":2,"name":"INTERVENCI\u00d3N EN DUELO"}]},{"@type":"WebSite","@id":"https:\/\/carolpsicologia.es\/#website","url":"https:\/\/carolpsicologia.es\/","name":"Gabinete psicologia Carolina","description":"Psic\u00f3loga en Meliana y La Canyada. Terapia cercana, profesional y personalizada.","publisher":{"@id":"https:\/\/carolpsicologia.es\/#organization"},"potentialAction":[{"@type":"SearchAction","target":{"@type":"EntryPoint","urlTemplate":"https:\/\/carolpsicologia.es\/?s={search_term_string}"},"query-input":{"@type":"PropertyValueSpecification","valueRequired":true,"valueName":"search_term_string"}}],"inLanguage":"es"},{"@type":"Organization","@id":"https:\/\/carolpsicologia.es\/#organization","name":"Gabinete psicologia Carolina","url":"https:\/\/carolpsicologia.es\/","logo":{"@type":"ImageObject","inLanguage":"es","@id":"https:\/\/carolpsicologia.es\/#\/schema\/logo\/image\/","url":"https:\/\/carolpsicologia.es\/wp-content\/uploads\/2026\/03\/91c6dc08-f4e6-4f3b-bbaf-8276faa92a80-removebg-preview.png","contentUrl":"https:\/\/carolpsicologia.es\/wp-content\/uploads\/2026\/03\/91c6dc08-f4e6-4f3b-bbaf-8276faa92a80-removebg-preview.png","width":628,"height":398,"caption":"Gabinete psicologia Carolina"},"image":{"@id":"https:\/\/carolpsicologia.es\/#\/schema\/logo\/image\/"}}]}},"_links":{"self":[{"href":"https:\/\/carolpsicologia.es\/index.php\/wp-json\/wp\/v2\/pages\/258","targetHints":{"allow":["GET"]}}],"collection":[{"href":"https:\/\/carolpsicologia.es\/index.php\/wp-json\/wp\/v2\/pages"}],"about":[{"href":"https:\/\/carolpsicologia.es\/index.php\/wp-json\/wp\/v2\/types\/page"}],"author":[{"embeddable":true,"href":"https:\/\/carolpsicologia.es\/index.php\/wp-json\/wp\/v2\/users\/1"}],"replies":[{"embeddable":true,"href":"https:\/\/carolpsicologia.es\/index.php\/wp-json\/wp\/v2\/comments?post=258"}],"version-history":[{"count":8,"href":"https:\/\/carolpsicologia.es\/index.php\/wp-json\/wp\/v2\/pages\/258\/revisions"}],"predecessor-version":[{"id":456,"href":"https:\/\/carolpsicologia.es\/index.php\/wp-json\/wp\/v2\/pages\/258\/revisions\/456"}],"wp:attachment":[{"href":"https:\/\/carolpsicologia.es\/index.php\/wp-json\/wp\/v2\/media?parent=258"}],"curies":[{"name":"wp","href":"https:\/\/api.w.org\/{rel}","templated":true}]}}