{"id":64,"date":"2026-03-03T10:19:06","date_gmt":"2026-03-03T10:19:06","guid":{"rendered":"https:\/\/carolpsicologia.es\/?page_id=64"},"modified":"2026-03-05T09:24:47","modified_gmt":"2026-03-05T09:24:47","slug":"servicios","status":"publish","type":"page","link":"https:\/\/carolpsicologia.es\/index.php\/servicios\/","title":{"rendered":"Servicios"},"content":{"rendered":"\t\t<div data-elementor-type=\"wp-page\" data-elementor-id=\"64\" class=\"elementor elementor-64\">\n\t\t\t\t<div class=\"elementor-element elementor-element-ff76b5e e-flex e-con-boxed e-con e-parent\" data-id=\"ff76b5e\" data-element_type=\"container\" data-e-type=\"container\">\n\t\t\t\t\t<div class=\"e-con-inner\">\n\t\t\t\t<div class=\"elementor-element elementor-element-8941e13 elementor-widget elementor-widget-html\" data-id=\"8941e13\" data-element_type=\"widget\" data-e-type=\"widget\" data-widget_type=\"html.default\">\n\t\t\t\t\t<link rel=\"preconnect\" href=\"https:\/\/fonts.googleapis.com\">\r\n<link href=\"https:\/\/fonts.googleapis.com\/css2?family=Playfair+Display:wght@500;600&family=Inter:wght@300;400;500;600&display=swap\" rel=\"stylesheet\">\r\n\r\n<style>\r\n:root{\r\n  --bg:#ffffff;\r\n  --soft:#f5f3ef;\r\n  --text:#1c1c1c;\r\n  --muted:#6d6d6d;\r\n\r\n  \/* NUEVO BEIGE *\/\r\n  --accent:#e9dfd3;\r\n  --accent-dark:#d9cbb9;\r\n\r\n  --border:#e8e5df;\r\n  --radius:18px;\r\n  --max:1180px;\r\n}\r\n\r\n.cg-services{\r\n  font-family:'Inter',sans-serif;\r\n  color:var(--text);\r\n  background:var(--bg);\r\n}\r\n\r\n.cg-wrap{\r\n  max-width:var(--max);\r\n  margin:auto;\r\n  padding:90px 20px;\r\n}\r\n\r\n@media(max-width:768px){\r\n  .cg-wrap{padding:60px 20px;}\r\n}\r\n\r\n.cg-title{\r\n  font-family:'Playfair Display',serif;\r\n  font-size:44px;\r\n  text-align:center;\r\n  margin-bottom:15px;\r\n}\r\n\r\n.cg-sub{\r\n  text-align:center;\r\n  color:var(--muted);\r\n  max-width:750px;\r\n  margin:0 auto 70px;\r\n  font-size:18px;\r\n  line-height:1.7;\r\n}\r\n\r\n.cg-grid{\r\n  display:grid;\r\n  grid-template-columns:repeat(2,1fr);\r\n  gap:40px;\r\n}\r\n\r\n@media(max-width:900px){\r\n  .cg-grid{grid-template-columns:1fr;}\r\n}\r\n\r\n.cg-card{\r\n  background:#fff;\r\n  border:1px solid var(--border);\r\n  border-radius:var(--radius);\r\n  padding:40px;\r\n  transition:.3s ease;\r\n}\r\n\r\n.cg-card:hover{\r\n  box-shadow:0 15px 35px rgba(0,0,0,0.06);\r\n}\r\n\r\n.cg-card h3{\r\n  font-family:'Playfair Display',serif;\r\n  font-size:26px;\r\n  margin-bottom:15px;\r\n}\r\n\r\n.cg-card p{\r\n  color:var(--muted);\r\n  line-height:1.7;\r\n  margin-bottom:20px;\r\n}\r\n\r\n\/* BOTONES *\/\r\n.cg-btn{\r\n  display:inline-block;\r\n  padding:12px 22px;\r\n  border-radius:30px;\r\n  background:var(--accent);\r\n  color:#2b2b2b;\r\n  text-decoration:none;\r\n  font-weight:500;\r\n  transition:.3s;\r\n  border:1px solid var(--accent-dark);\r\n}\r\n\r\n.cg-btn:hover{\r\n  background:var(--accent-dark);\r\n  color:#2b2b2b;\r\n}\r\n\r\n\/* BLOQUE FUNCIONAMIENTO *\/\r\n\r\n.cg-process{\r\n  background:var(--soft);\r\n  margin-top:90px;\r\n  padding:80px 20px;\r\n}\r\n\r\n.cg-process-inner{\r\n  max-width:900px;\r\n  margin:auto;\r\n  text-align:center;\r\n}\r\n\r\n.cg-process h2{\r\n  font-family:'Playfair Display',serif;\r\n  font-size:36px;\r\n  margin-bottom:25px;\r\n}\r\n\r\n.cg-process p{\r\n  color:var(--muted);\r\n  line-height:1.8;\r\n  margin-bottom:20px;\r\n}\r\n\r\n\/* CTA FINAL *\/\r\n\r\n.cg-cta{\r\n  background:var(--accent);\r\n  color:#2b2b2b;\r\n  text-align:center;\r\n  padding:100px 20px;\r\n  margin-top:80px;\r\n}\r\n\r\n.cg-cta h2{\r\n  font-family:'Playfair Display',serif;\r\n  font-size:38px;\r\n  margin-bottom:20px;\r\n  color:#2b2b2b;\r\n}\r\n\r\n.cg-cta p{\r\n  max-width:750px;\r\n  margin:0 auto 30px;\r\n  line-height:1.7;\r\n  color:#3c3c3c;\r\n}\r\n\r\n.cg-cta .cg-btn{\r\n  background:#ffffff;\r\n  color:#2b2b2b;\r\n  border:1px solid var(--accent-dark);\r\n}\r\n\r\n.cg-cta .cg-btn:hover{\r\n  background:#f6f1ea;\r\n}\r\n<\/style>\r\n\r\n<div class=\"cg-services\">\r\n\r\n<div class=\"cg-wrap\">\r\n\r\n<h1 class=\"cg-title\">Servicios de Psicolog\u00eda en Meliana y La Ca\u00f1ada<\/h1>\r\n<p class=\"cg-sub\">\r\nOfrecemos un acompa\u00f1amiento profesional y personalizado adaptado a tus necesidades. \r\nCada proceso terap\u00e9utico es \u00fanico, porque cada persona tambi\u00e9n lo es.\r\n<\/p>\r\n\r\n<div class=\"cg-grid\">\r\n\r\n<div class=\"cg-card\">\r\n<h3>Terapia individual<\/h3>\r\n<p>\r\nEspacio seguro donde trabajar ansiedad, estr\u00e9s, autoestima, bloqueos emocionales \r\no situaciones personales que est\u00e9n afectando a tu bienestar.\r\n<\/p>\r\n<a href=\"\/index.php\/contacto\/\" class=\"cg-btn\">Solicitar cita<\/a>\r\n<\/div>\r\n\r\n<div class=\"cg-card\">\r\n<h3>Terapia de pareja<\/h3>\r\n<p>\r\nAcompa\u00f1amiento para mejorar la comunicaci\u00f3n, resolver conflictos \r\ny fortalecer el v\u00ednculo afectivo en un entorno profesional y neutral.\r\n<\/p>\r\n<a href=\"\/index.php\/contacto\/\" class=\"cg-btn\">Solicitar cita<\/a>\r\n<\/div>\r\n\r\n<div class=\"cg-card\">\r\n<h3>Intervenci\u00f3n psicopedag\u00f3gica<\/h3>\r\n<p>\r\nApoyo especializado en dificultades de aprendizaje, orientaci\u00f3n \r\nacad\u00e9mica y acompa\u00f1amiento a familias.\r\n<\/p>\r\n<a href=\"\/index.php\/contacto\/\" class=\"cg-btn\">Solicitar cita<\/a>\r\n<\/div>\r\n\r\n<div class=\"cg-card\">\r\n<h3>Intervenci\u00f3n en duelo<\/h3>\r\n<p>\r\nAcompa\u00f1amiento en procesos de p\u00e9rdida y adaptaci\u00f3n emocional, \r\nrespetando los tiempos individuales de cada persona.\r\n<\/p>\r\n<a href=\"\/index.php\/contacto\/\" class=\"cg-btn\">Solicitar cita<\/a>\r\n<\/div>\r\n\r\n<\/div>\r\n\r\n<\/div>\r\n\r\n<!-- PROCESO -->\r\n\r\n<div class=\"cg-process\">\r\n  <div class=\"cg-process-inner\">\r\n    <h2>\u00bfC\u00f3mo funcionan las sesiones?<\/h2>\r\n    <p>Las sesiones tienen una duraci\u00f3n aproximada de 50-60 minutos y se realizan bajo cita previa.<\/p>\r\n    <p>La frecuencia se adapta a cada caso, generalmente semanal o quincenal.<\/p>\r\n    <p>El objetivo es ofrecer un espacio confidencial donde puedas sentirte escuchado\/a y acompa\u00f1ado\/a.<\/p>\r\n  <\/div>\r\n<\/div>\r\n\r\n<!-- CTA FINAL -->\r\n\r\n<div class=\"cg-cta\">\r\n  <h2>Dar el primer paso puede marcar la diferencia<\/h2>\r\n  <p>\r\nSi est\u00e1s atravesando una situaci\u00f3n complicada o necesitas apoyo profesional, \r\nestar\u00e9 encantada de acompa\u00f1arte en el proceso.\r\n  <\/p>\r\n  <a href=\"\/index.php\/contacto\/\" class=\"cg-btn\">Contactar ahora<\/a>\r\n<\/div>\r\n\r\n<\/div>\t\t\t\t<\/div>\n\t\t\t\t\t<\/div>\n\t\t\t\t<\/div>\n\t\t\t\t<\/div>\n\t\t","protected":false},"excerpt":{"rendered":"<p>Servicios de Psicolog\u00eda en Meliana y La Ca\u00f1ada Ofrecemos un acompa\u00f1amiento profesional y personalizado adaptado a tus necesidades. Cada proceso terap\u00e9utico es \u00fanico, porque cada persona tambi\u00e9n lo es. Terapia individual Espacio seguro donde trabajar ansiedad, estr\u00e9s, autoestima, bloqueos emocionales o situaciones personales que est\u00e9n afectando a tu bienestar. Solicitar cita Terapia de pareja Acompa\u00f1amiento &hellip; <\/p>\n<p class=\"link-more\"><a href=\"https:\/\/carolpsicologia.es\/index.php\/servicios\/\" class=\"more-link\">Leer m\u00e1s<span class=\"screen-reader-text\"> \u00abServicios\u00bb<\/span><\/a><\/p>\n","protected":false},"author":1,"featured_media":0,"parent":0,"menu_order":0,"comment_status":"closed","ping_status":"closed","template":"","meta":{"inspiro_hide_title":false,"footnotes":""},"class_list":["post-64","page","type-page","status-publish","hentry"],"yoast_head":"<!-- This site is optimized with the Yoast SEO plugin v27.4 - https:\/\/yoast.com\/product\/yoast-seo-wordpress\/ -->\n<title>Servicios - Gabinete psicologia Carolina<\/title>\n<meta name=\"description\" content=\"Psicolog\u00eda en Meliana y La Ca\u00f1ada: terapia individual, de pareja y psicopedag\u00f3gica. Mejora tu bienestar emocional, agenda tu cita hoy.\" \/>\n<meta name=\"robots\" content=\"index, follow, max-snippet:-1, max-image-preview:large, max-video-preview:-1\" \/>\n<link rel=\"canonical\" href=\"https:\/\/carolpsicologia.es\/index.php\/servicios\/\" \/>\n<meta property=\"og:locale\" content=\"es_ES\" \/>\n<meta property=\"og:type\" content=\"article\" \/>\n<meta property=\"og:title\" content=\"Servicios - Gabinete psicologia Carolina\" \/>\n<meta property=\"og:description\" content=\"Psicolog\u00eda en Meliana y La Ca\u00f1ada: terapia individual, de pareja y psicopedag\u00f3gica. Mejora tu bienestar emocional, agenda tu cita hoy.\" \/>\n<meta property=\"og:url\" content=\"https:\/\/carolpsicologia.es\/index.php\/servicios\/\" \/>\n<meta property=\"og:site_name\" content=\"Gabinete psicologia Carolina\" \/>\n<meta property=\"article:modified_time\" content=\"2026-03-05T09:24:47+00:00\" \/>\n<meta name=\"twitter:card\" content=\"summary_large_image\" \/>\n<meta name=\"twitter:label1\" content=\"Tiempo de lectura\" \/>\n\t<meta name=\"twitter:data1\" content=\"2 minutos\" \/>\n<script type=\"application\/ld+json\" class=\"yoast-schema-graph\">{\"@context\":\"https:\\\/\\\/schema.org\",\"@graph\":[{\"@type\":\"WebPage\",\"@id\":\"https:\\\/\\\/carolpsicologia.es\\\/index.php\\\/servicios\\\/\",\"url\":\"https:\\\/\\\/carolpsicologia.es\\\/index.php\\\/servicios\\\/\",\"name\":\"Servicios - Gabinete psicologia Carolina\",\"isPartOf\":{\"@id\":\"https:\\\/\\\/carolpsicologia.es\\\/#website\"},\"datePublished\":\"2026-03-03T10:19:06+00:00\",\"dateModified\":\"2026-03-05T09:24:47+00:00\",\"description\":\"Psicolog\u00eda en Meliana y La Ca\u00f1ada: terapia individual, de pareja y psicopedag\u00f3gica. Mejora tu bienestar emocional, agenda tu cita hoy.\",\"breadcrumb\":{\"@id\":\"https:\\\/\\\/carolpsicologia.es\\\/index.php\\\/servicios\\\/#breadcrumb\"},\"inLanguage\":\"es\",\"potentialAction\":[{\"@type\":\"ReadAction\",\"target\":[\"https:\\\/\\\/carolpsicologia.es\\\/index.php\\\/servicios\\\/\"]}]},{\"@type\":\"BreadcrumbList\",\"@id\":\"https:\\\/\\\/carolpsicologia.es\\\/index.php\\\/servicios\\\/#breadcrumb\",\"itemListElement\":[{\"@type\":\"ListItem\",\"position\":1,\"name\":\"Portada\",\"item\":\"https:\\\/\\\/carolpsicologia.es\\\/\"},{\"@type\":\"ListItem\",\"position\":2,\"name\":\"Servicios\"}]},{\"@type\":\"WebSite\",\"@id\":\"https:\\\/\\\/carolpsicologia.es\\\/#website\",\"url\":\"https:\\\/\\\/carolpsicologia.es\\\/\",\"name\":\"Gabinete psicologia Carolina\",\"description\":\"Psic\u00f3loga en Meliana y La Canyada. Terapia cercana, profesional y personalizada.\",\"publisher\":{\"@id\":\"https:\\\/\\\/carolpsicologia.es\\\/#organization\"},\"potentialAction\":[{\"@type\":\"SearchAction\",\"target\":{\"@type\":\"EntryPoint\",\"urlTemplate\":\"https:\\\/\\\/carolpsicologia.es\\\/?s={search_term_string}\"},\"query-input\":{\"@type\":\"PropertyValueSpecification\",\"valueRequired\":true,\"valueName\":\"search_term_string\"}}],\"inLanguage\":\"es\"},{\"@type\":\"Organization\",\"@id\":\"https:\\\/\\\/carolpsicologia.es\\\/#organization\",\"name\":\"Gabinete psicologia Carolina\",\"url\":\"https:\\\/\\\/carolpsicologia.es\\\/\",\"logo\":{\"@type\":\"ImageObject\",\"inLanguage\":\"es\",\"@id\":\"https:\\\/\\\/carolpsicologia.es\\\/#\\\/schema\\\/logo\\\/image\\\/\",\"url\":\"https:\\\/\\\/carolpsicologia.es\\\/wp-content\\\/uploads\\\/2026\\\/03\\\/91c6dc08-f4e6-4f3b-bbaf-8276faa92a80-removebg-preview.png\",\"contentUrl\":\"https:\\\/\\\/carolpsicologia.es\\\/wp-content\\\/uploads\\\/2026\\\/03\\\/91c6dc08-f4e6-4f3b-bbaf-8276faa92a80-removebg-preview.png\",\"width\":628,\"height\":398,\"caption\":\"Gabinete psicologia Carolina\"},\"image\":{\"@id\":\"https:\\\/\\\/carolpsicologia.es\\\/#\\\/schema\\\/logo\\\/image\\\/\"}}]}<\/script>\n<!-- \/ Yoast SEO plugin. -->","yoast_head_json":{"title":"Servicios - Gabinete psicologia Carolina","description":"Psicolog\u00eda en Meliana y La Ca\u00f1ada: terapia individual, de pareja y psicopedag\u00f3gica. Mejora tu bienestar emocional, agenda tu cita hoy.","robots":{"index":"index","follow":"follow","max-snippet":"max-snippet:-1","max-image-preview":"max-image-preview:large","max-video-preview":"max-video-preview:-1"},"canonical":"https:\/\/carolpsicologia.es\/index.php\/servicios\/","og_locale":"es_ES","og_type":"article","og_title":"Servicios - Gabinete psicologia Carolina","og_description":"Psicolog\u00eda en Meliana y La Ca\u00f1ada: terapia individual, de pareja y psicopedag\u00f3gica. Mejora tu bienestar emocional, agenda tu cita hoy.","og_url":"https:\/\/carolpsicologia.es\/index.php\/servicios\/","og_site_name":"Gabinete psicologia Carolina","article_modified_time":"2026-03-05T09:24:47+00:00","twitter_card":"summary_large_image","twitter_misc":{"Tiempo de lectura":"2 minutos"},"schema":{"@context":"https:\/\/schema.org","@graph":[{"@type":"WebPage","@id":"https:\/\/carolpsicologia.es\/index.php\/servicios\/","url":"https:\/\/carolpsicologia.es\/index.php\/servicios\/","name":"Servicios - Gabinete psicologia Carolina","isPartOf":{"@id":"https:\/\/carolpsicologia.es\/#website"},"datePublished":"2026-03-03T10:19:06+00:00","dateModified":"2026-03-05T09:24:47+00:00","description":"Psicolog\u00eda en Meliana y La Ca\u00f1ada: terapia individual, de pareja y psicopedag\u00f3gica. Mejora tu bienestar emocional, agenda tu cita hoy.","breadcrumb":{"@id":"https:\/\/carolpsicologia.es\/index.php\/servicios\/#breadcrumb"},"inLanguage":"es","potentialAction":[{"@type":"ReadAction","target":["https:\/\/carolpsicologia.es\/index.php\/servicios\/"]}]},{"@type":"BreadcrumbList","@id":"https:\/\/carolpsicologia.es\/index.php\/servicios\/#breadcrumb","itemListElement":[{"@type":"ListItem","position":1,"name":"Portada","item":"https:\/\/carolpsicologia.es\/"},{"@type":"ListItem","position":2,"name":"Servicios"}]},{"@type":"WebSite","@id":"https:\/\/carolpsicologia.es\/#website","url":"https:\/\/carolpsicologia.es\/","name":"Gabinete psicologia Carolina","description":"Psic\u00f3loga en Meliana y La Canyada. Terapia cercana, profesional y personalizada.","publisher":{"@id":"https:\/\/carolpsicologia.es\/#organization"},"potentialAction":[{"@type":"SearchAction","target":{"@type":"EntryPoint","urlTemplate":"https:\/\/carolpsicologia.es\/?s={search_term_string}"},"query-input":{"@type":"PropertyValueSpecification","valueRequired":true,"valueName":"search_term_string"}}],"inLanguage":"es"},{"@type":"Organization","@id":"https:\/\/carolpsicologia.es\/#organization","name":"Gabinete psicologia Carolina","url":"https:\/\/carolpsicologia.es\/","logo":{"@type":"ImageObject","inLanguage":"es","@id":"https:\/\/carolpsicologia.es\/#\/schema\/logo\/image\/","url":"https:\/\/carolpsicologia.es\/wp-content\/uploads\/2026\/03\/91c6dc08-f4e6-4f3b-bbaf-8276faa92a80-removebg-preview.png","contentUrl":"https:\/\/carolpsicologia.es\/wp-content\/uploads\/2026\/03\/91c6dc08-f4e6-4f3b-bbaf-8276faa92a80-removebg-preview.png","width":628,"height":398,"caption":"Gabinete psicologia Carolina"},"image":{"@id":"https:\/\/carolpsicologia.es\/#\/schema\/logo\/image\/"}}]}},"_links":{"self":[{"href":"https:\/\/carolpsicologia.es\/index.php\/wp-json\/wp\/v2\/pages\/64","targetHints":{"allow":["GET"]}}],"collection":[{"href":"https:\/\/carolpsicologia.es\/index.php\/wp-json\/wp\/v2\/pages"}],"about":[{"href":"https:\/\/carolpsicologia.es\/index.php\/wp-json\/wp\/v2\/types\/page"}],"author":[{"embeddable":true,"href":"https:\/\/carolpsicologia.es\/index.php\/wp-json\/wp\/v2\/users\/1"}],"replies":[{"embeddable":true,"href":"https:\/\/carolpsicologia.es\/index.php\/wp-json\/wp\/v2\/comments?post=64"}],"version-history":[{"count":10,"href":"https:\/\/carolpsicologia.es\/index.php\/wp-json\/wp\/v2\/pages\/64\/revisions"}],"predecessor-version":[{"id":263,"href":"https:\/\/carolpsicologia.es\/index.php\/wp-json\/wp\/v2\/pages\/64\/revisions\/263"}],"wp:attachment":[{"href":"https:\/\/carolpsicologia.es\/index.php\/wp-json\/wp\/v2\/media?parent=64"}],"curies":[{"name":"wp","href":"https:\/\/api.w.org\/{rel}","templated":true}]}}